{"id":32792,"date":"2018-12-10T13:28:13","date_gmt":"2018-12-10T13:28:13","guid":{"rendered":"https:\/\/democontent.codex-themes.com\/sites-elementor\/photography-studio\/?page_id=44"},"modified":"2025-03-26T11:47:55","modified_gmt":"2025-03-26T11:47:55","slug":"o-nama","status":"publish","type":"page","link":"https:\/\/polisart.hr\/en\/o-nama\/","title":{"rendered":"About Us"},"content":{"rendered":"<div data-elementor-type=\"wp-page\" data-elementor-id=\"32792\" class=\"elementor elementor-32792\">\n\t\t\t\t<div class=\"elementor-element elementor-element-fbac935 e-con-full thegem-e-con-layout-elementor e-flex e-con e-parent\" data-id=\"fbac935\" data-element_type=\"container\" data-e-type=\"container\" data-settings=\"{&quot;thegem_container_layout&quot;:&quot;elementor&quot;}\">\r\n\t\t\t\t<div class=\"elementor-element elementor-element-ea1a719 spacer flex-horizontal-align-default flex-horizontal-align-tablet-default flex-horizontal-align-mobile-default flex-vertical-align-default flex-vertical-align-tablet-default flex-vertical-align-mobile-default elementor-widget elementor-widget-spacer\" data-id=\"ea1a719\" data-element_type=\"widget\" data-e-type=\"widget\" data-settings=\"{&quot;thegem_custom_css&quot;:&quot;@media (max-width: 720px) {\\n    .spacer{\\n        margin-top: 110px;\\n    }\\n}&quot;}\" data-widget_type=\"spacer.default\">\n\t\t\t\t<div class=\"elementor-widget-container\">\n\t\t\t\t\t\t\t<div class=\"elementor-spacer\">\n\t\t\t<div class=\"elementor-spacer-inner\"><\/div>\n\t\t<\/div>\n\t\t\t\t\t\t<\/div>\n\t\t\t\t<\/div>\n\t\t\t\t<\/div>\n\t\t\t\t<section class=\"elementor-section elementor-top-section elementor-element elementor-element-00e1faa top elementor-section-boxed elementor-section-height-default elementor-section-height-default\" data-id=\"00e1faa\" data-element_type=\"section\" data-e-type=\"section\">\r\n\t\t\t\t\t\t<div class=\"elementor-container elementor-column-gap-thegem\"><div class=\"elementor-row\">\r\n\t\t\t\t\t<div class=\"elementor-column elementor-col-50 elementor-top-column elementor-element elementor-element-56bc3c8\" data-id=\"56bc3c8\" data-element_type=\"column\" data-e-type=\"column\">\n\t\t\t<div class=\"elementor-widget-wrap elementor-element-populated\">\n\t\t\t\t\t\t<div class=\"elementor-element elementor-element-036f359 flex-horizontal-align-default flex-horizontal-align-tablet-default flex-horizontal-align-mobile-default flex-vertical-align-default flex-vertical-align-tablet-default flex-vertical-align-mobile-default elementor-widget elementor-widget-thegem-icon\" data-id=\"036f359\" data-element_type=\"widget\" data-e-type=\"widget\" data-settings=\"{&quot;thegem_elementor_preset&quot;:&quot;circle&quot;}\" data-widget_type=\"thegem-icon.default\">\n\t\t\t\t<div class=\"elementor-widget-container\">\n\t\t\t\t\t\t\t\t\t<div class=\"centered-box icon-inline-position\">\n\n\t\t\t\t<a role=\"button\" aria-label=\"Read more\">\n\n\t\t\t\t<div class=\"gem-icon gem-icon-pack-fontawesome gem-icon-size-small  gem-icon-shape-circle\">\n\n\t\t\t\t\n\t\t\t\t<div class=\"gem-icon-inner\">\n\n\t\t\t\t\n\t\t\t\t\t\t\t\t\t<div class=\"padding-box-inner\">\n\t\t\t\t\n\n\t\t\t\t\t\t\t\t\t<span class=\"gem-icon-half-1\"><span class=\"back-angle\">\n\t\t\t\t\t<i aria-hidden=\"true\" class=\"gem-elegant icon-pencil\"><\/i>\t\t\t\t\t<\/span><\/span>\n\t\t\t\t\t<span class=\"gem-icon-half-2\"><span class=\"back-angle\">\n\t\t\t\t\t<i aria-hidden=\"true\" class=\"gem-elegant icon-pencil\"><\/i>\t\t\t\t\t<\/span><\/span>\n\t\t\t\t\n\t\t\t\t<\/div>\n\n\t\t\t\t\n\t\t\t\t\t\t\t\t\t<\/div>\n\t\t\t\t\n\t\t\t\t<\/div>\n\n\t\t\t\t<\/a>\n\n\t\t\t\t<\/div>\n\t\t\t\t\t\t\t<\/div>\n\t\t\t\t<\/div>\n\t\t\t\t<div class=\"elementor-element elementor-element-90dcaa2 flex-horizontal-align-default flex-horizontal-align-tablet-default flex-horizontal-align-mobile-default flex-vertical-align-default flex-vertical-align-tablet-default flex-vertical-align-mobile-default elementor-invisible elementor-widget elementor-widget-text-editor\" data-id=\"90dcaa2\" data-element_type=\"widget\" data-e-type=\"widget\" data-settings=\"{&quot;_animation&quot;:&quot;fadeInUp&quot;}\" data-widget_type=\"text-editor.default\">\n\t\t\t\t<div class=\"elementor-widget-container\">\n\t\t\t\t\t\t\t\t\t\t\t\t<div class=\"elementor-text-editor elementor-clearfix\">\r\n\t\t\t\t\t\t<div dir=\"auto\" style=\"text-align: left;\">Polis Art d.o.o., located in Zagreb and operating on the EU market.<\/div><div dir=\"auto\" style=\"text-align: left;\">We are engaged in the production, packaging and printing of personalized products for catering.<\/div><div dir=\"auto\" style=\"text-align: left;\">\u00a0<\/div><div dir=\"auto\" style=\"text-align: left;\">Some of the products are straws, napkins, bags, sugar, honey, biscuits, peanuts, toothpicks, wipes, and other products from our diverse range.<\/div><div dir=\"auto\" style=\"text-align: left;\">\u00a0<\/div><div dir=\"auto\" style=\"text-align: left;\">What sets us apart from the competition is our commitment to providing personalized solutions. All products can be made with the customer&#039;s logo, even in small batches, to allow each customer to highlight their brand in the best possible way.<\/div><div dir=\"auto\" style=\"text-align: left;\">\u00a0<\/div>\t\t\t\t\t\t\t<\/div>\r\n\t\t\t\t\t\t\t\t\t\t<\/div>\n\t\t\t\t<\/div>\n\t\t\t\t<div class=\"elementor-element elementor-element-b0b5bd1 animated-slow flex-horizontal-align-default flex-horizontal-align-tablet-default flex-horizontal-align-mobile-default flex-vertical-align-default flex-vertical-align-tablet-default flex-vertical-align-mobile-default elementor-invisible elementor-widget elementor-widget-image\" data-id=\"b0b5bd1\" data-element_type=\"widget\" data-e-type=\"widget\" data-settings=\"{&quot;_animation&quot;:&quot;fadeIn&quot;,&quot;_animation_delay&quot;:200}\" data-widget_type=\"image.default\">\n\t\t\t\t<div class=\"elementor-widget-container\">\n\t\t\t\t\t\t\t\t\t\t\t\t\t\t\t<img src=\"https:\/\/polisart.hr\/wp-content\/uploads\/elementor\/thumbs\/wizard-media-3531-scaled-qgrez5e11amywhygh45u2ew81liyk0ofhnxac2byjk.webp\" title=\"wizard media-3531\" alt=\"wizard media-3531\" loading=\"lazy\" \/>\t\t\t\t\t\t\t\t\t\t\t\t\t\t\t<\/div>\n\t\t\t\t<\/div>\n\t\t\t\t\t<\/div>\n\t\t<\/div>\n\t\t\t\t<div class=\"elementor-column elementor-col-50 elementor-top-column elementor-element elementor-element-92ae2ac\" data-id=\"92ae2ac\" data-element_type=\"column\" data-e-type=\"column\">\n\t\t\t<div class=\"elementor-widget-wrap elementor-element-populated\">\n\t\t\t\t\t\t<div class=\"elementor-element elementor-element-aae8013 animated-slow flex-horizontal-align-default flex-horizontal-align-tablet-default flex-horizontal-align-mobile-default flex-vertical-align-default flex-vertical-align-tablet-default flex-vertical-align-mobile-default elementor-invisible elementor-widget elementor-widget-image\" data-id=\"aae8013\" data-element_type=\"widget\" data-e-type=\"widget\" data-settings=\"{&quot;_animation&quot;:&quot;fadeIn&quot;,&quot;_animation_delay&quot;:200}\" data-widget_type=\"image.default\">\n\t\t\t\t<div class=\"elementor-widget-container\">\n\t\t\t\t\t\t\t\t\t\t\t\t\t\t\t<img src=\"https:\/\/polisart.hr\/wp-content\/uploads\/elementor\/thumbs\/wizard-media-3523-scaled-qgrexvbxqexmhdu7yaahrk0o396kwij4rsfzwdt654.webp\" title=\"wizard media-3523\" alt=\"wizard media-3523\" loading=\"lazy\" \/>\t\t\t\t\t\t\t\t\t\t\t\t\t\t\t<\/div>\n\t\t\t\t<\/div>\n\t\t\t\t<div class=\"elementor-element elementor-element-8e27860 flex-horizontal-align-default flex-horizontal-align-tablet-default flex-horizontal-align-mobile-default flex-vertical-align-default flex-vertical-align-tablet-default flex-vertical-align-mobile-default elementor-invisible elementor-widget elementor-widget-text-editor\" data-id=\"8e27860\" data-element_type=\"widget\" data-e-type=\"widget\" data-settings=\"{&quot;_animation&quot;:&quot;fadeInUp&quot;}\" data-widget_type=\"text-editor.default\">\n\t\t\t\t<div class=\"elementor-widget-container\">\n\t\t\t\t\t\t\t\t\t\t\t\t<div class=\"elementor-text-editor elementor-clearfix\">\r\n\t\t\t\t\t\t<div dir=\"auto\" style=\"text-align: left;\">We are recognized as a reliable partner and supplier by some of the most prominent Croatian companies and caterers.<\/div><div dir=\"auto\" style=\"text-align: left;\">Opting for Polis Art, you choose a partner that combines expertise, innovation and commitment to providing premium products tailored to the individual needs of our customers.<\/div>\t\t\t\t\t\t\t<\/div>\r\n\t\t\t\t\t\t\t\t\t\t<\/div>\n\t\t\t\t<\/div>\n\t\t\t\t\t<\/div>\n\t\t<\/div>\n\t\t\t\t\t<\/div><\/div>\r\n\t\t<\/section>\r\n\t\t<div class=\"elementor-element elementor-element-27515ed e-con-full thegem-e-con-layout-elementor e-flex e-con e-parent\" data-id=\"27515ed\" data-element_type=\"container\" data-e-type=\"container\" data-settings=\"{&quot;thegem_container_layout&quot;:&quot;elementor&quot;}\">\r\n\t\t<div class=\"elementor-element elementor-element-8ce11b1 e-con-full thegem-e-con-layout-elementor e-flex e-con e-child\" data-id=\"8ce11b1\" data-element_type=\"container\" data-e-type=\"container\" data-settings=\"{&quot;thegem_container_layout&quot;:&quot;elementor&quot;}\">\r\n\t\t\t\t<div class=\"elementor-element elementor-element-c5b69fd animated-slow flex-horizontal-align-default flex-horizontal-align-tablet-default flex-horizontal-align-mobile-default flex-vertical-align-default flex-vertical-align-tablet-default flex-vertical-align-mobile-default elementor-invisible elementor-widget elementor-widget-image\" data-id=\"c5b69fd\" data-element_type=\"widget\" data-e-type=\"widget\" data-settings=\"{&quot;_animation&quot;:&quot;fadeIn&quot;,&quot;_animation_delay&quot;:200}\" data-widget_type=\"image.default\">\n\t\t\t\t<div class=\"elementor-widget-container\">\n\t\t\t\t\t\t\t\t\t\t\t\t\t\t\t<img width=\"1024\" height=\"681\" src=\"https:\/\/polisart.hr\/wp-content\/uploads\/2024\/01\/proizvodnja1-1024x681.webp\" class=\"attachment-large size-large wp-image-37807\" alt=\"\" srcset=\"https:\/\/polisart.hr\/wp-content\/uploads\/2024\/01\/proizvodnja1-1024x681.webp 1024w, https:\/\/polisart.hr\/wp-content\/uploads\/2024\/01\/proizvodnja1-300x199.webp 300w, https:\/\/polisart.hr\/wp-content\/uploads\/2024\/01\/proizvodnja1-768x510.webp 768w, https:\/\/polisart.hr\/wp-content\/uploads\/2024\/01\/proizvodnja1-1536x1021.webp 1536w, https:\/\/polisart.hr\/wp-content\/uploads\/2024\/01\/proizvodnja1-2048x1361.webp 2048w\" sizes=\"(max-width: 1024px) 100vw, 1024px\" \/>\t\t\t\t\t\t\t\t\t\t\t\t\t\t\t<\/div>\n\t\t\t\t<\/div>\n\t\t\t\t<\/div>\n\t\t<div class=\"elementor-element elementor-element-17c6eb8 e-con-full thegem-e-con-layout-elementor e-flex e-con e-child\" data-id=\"17c6eb8\" data-element_type=\"container\" data-e-type=\"container\" data-settings=\"{&quot;thegem_container_layout&quot;:&quot;elementor&quot;}\">\r\n\t\t\t\t<div class=\"elementor-element elementor-element-444dcf9 animated-slow flex-horizontal-align-default flex-horizontal-align-tablet-default flex-horizontal-align-mobile-default flex-vertical-align-default flex-vertical-align-tablet-default flex-vertical-align-mobile-default elementor-invisible elementor-widget elementor-widget-image\" data-id=\"444dcf9\" data-element_type=\"widget\" data-e-type=\"widget\" data-settings=\"{&quot;_animation&quot;:&quot;fadeIn&quot;,&quot;_animation_delay&quot;:200}\" data-widget_type=\"image.default\">\n\t\t\t\t<div class=\"elementor-widget-container\">\n\t\t\t\t\t\t\t\t\t\t\t\t\t\t\t<img width=\"1024\" height=\"680\" src=\"https:\/\/polisart.hr\/wp-content\/uploads\/2023\/12\/wizard-media-3526-1024x680.webp\" class=\"attachment-large size-large wp-image-33994\" alt=\"\" srcset=\"https:\/\/polisart.hr\/wp-content\/uploads\/2023\/12\/wizard-media-3526-1024x680.webp 1024w, https:\/\/polisart.hr\/wp-content\/uploads\/2023\/12\/wizard-media-3526-300x199.webp 300w, https:\/\/polisart.hr\/wp-content\/uploads\/2023\/12\/wizard-media-3526-768x510.webp 768w, https:\/\/polisart.hr\/wp-content\/uploads\/2023\/12\/wizard-media-3526-1536x1021.webp 1536w, https:\/\/polisart.hr\/wp-content\/uploads\/2023\/12\/wizard-media-3526-2048x1361.webp 2048w\" sizes=\"(max-width: 1024px) 100vw, 1024px\" \/>\t\t\t\t\t\t\t\t\t\t\t\t\t\t\t<\/div>\n\t\t\t\t<\/div>\n\t\t\t\t<\/div>\n\t\t<div class=\"elementor-element elementor-element-dc90b0e e-con-full thegem-e-con-layout-elementor e-flex e-con e-child\" data-id=\"dc90b0e\" data-element_type=\"container\" data-e-type=\"container\" data-settings=\"{&quot;thegem_container_layout&quot;:&quot;elementor&quot;}\">\r\n\t\t\t\t<div class=\"elementor-element elementor-element-39c5a71 animated-slow flex-horizontal-align-default flex-horizontal-align-tablet-default flex-horizontal-align-mobile-default flex-vertical-align-default flex-vertical-align-tablet-default flex-vertical-align-mobile-default elementor-invisible elementor-widget elementor-widget-image\" data-id=\"39c5a71\" data-element_type=\"widget\" data-e-type=\"widget\" data-settings=\"{&quot;_animation&quot;:&quot;fadeIn&quot;,&quot;_animation_delay&quot;:200}\" data-widget_type=\"image.default\">\n\t\t\t\t<div class=\"elementor-widget-container\">\n\t\t\t\t\t\t\t\t\t\t\t\t\t\t\t<img width=\"2560\" height=\"1701\" src=\"https:\/\/polisart.hr\/wp-content\/uploads\/2024\/01\/proizvodnja2-scaled.webp\" class=\"attachment-full size-full wp-image-37808\" alt=\"\" srcset=\"https:\/\/polisart.hr\/wp-content\/uploads\/2024\/01\/proizvodnja2-scaled.webp 2560w, https:\/\/polisart.hr\/wp-content\/uploads\/2024\/01\/proizvodnja2-300x199.webp 300w, https:\/\/polisart.hr\/wp-content\/uploads\/2024\/01\/proizvodnja2-1024x681.webp 1024w, https:\/\/polisart.hr\/wp-content\/uploads\/2024\/01\/proizvodnja2-768x510.webp 768w, https:\/\/polisart.hr\/wp-content\/uploads\/2024\/01\/proizvodnja2-1536x1021.webp 1536w, https:\/\/polisart.hr\/wp-content\/uploads\/2024\/01\/proizvodnja2-2048x1361.webp 2048w\" sizes=\"(max-width: 2560px) 100vw, 2560px\" \/>\t\t\t\t\t\t\t\t\t\t\t\t\t\t\t<\/div>\n\t\t\t\t<\/div>\n\t\t\t\t<\/div>\n\t\t\t\t<\/div>\n\t\t\t\t<\/div>","protected":false},"excerpt":{"rendered":"<p>Tvrtka Polis Art d.o.o., smje\u0161tena je u Zagrebu i posluje na tr\u017ei\u0161tu EU.Bavimo se proizvodnjom, pakiranjem i tiskom, personaliziranih proizvoda&#8230;<\/p>","protected":false},"author":2,"featured_media":0,"parent":0,"menu_order":0,"comment_status":"closed","ping_status":"closed","template":"page-fullwidth.php","meta":{"footnotes":""},"class_list":["post-32792","page","type-page","status-publish"],"yoast_head":"<!-- This site is optimized with the Yoast SEO Premium plugin v25.9 (Yoast SEO v27.4) - https:\/\/yoast.com\/product\/yoast-seo-premium-wordpress\/ -->\n<title>O Nama - Polis Art<\/title>\n<meta name=\"robots\" content=\"index, follow, max-snippet:-1, max-image-preview:large, max-video-preview:-1\" \/>\n<link rel=\"canonical\" href=\"https:\/\/polisart.hr\/en\/o-nama\/\" \/>\n<meta property=\"og:locale\" content=\"en_GB\" \/>\n<meta property=\"og:type\" content=\"article\" \/>\n<meta property=\"og:title\" content=\"O Nama\" \/>\n<meta property=\"og:description\" content=\"Tvrtka Polis Art d.o.o., smje\u0161tena je u Zagrebu i posluje na tr\u017ei\u0161tu EU.Bavimo se proizvodnjom, pakiranjem i tiskom, personaliziranih proizvoda...\" \/>\n<meta property=\"og:url\" content=\"https:\/\/polisart.hr\/en\/o-nama\/\" \/>\n<meta property=\"og:site_name\" content=\"Polis Art\" \/>\n<meta property=\"article:publisher\" content=\"https:\/\/www.facebook.com\/p\/POLIS-ART-doo-100040793989828\/?locale=sr_RS\" \/>\n<meta property=\"article:modified_time\" content=\"2025-03-26T11:47:55+00:00\" \/>\n<meta property=\"og:image\" content=\"https:\/\/polisart.hr\/wp-content\/uploads\/elementor\/thumbs\/wizard-media-3531-scaled-qgrez5e11amywhygh45u2ew81liyk0ofhnxac2byjk.webp\" \/>\n<meta name=\"twitter:card\" content=\"summary_large_image\" \/>\n<meta name=\"twitter:label1\" content=\"Estimated reading time\" \/>\n\t<meta name=\"twitter:data1\" content=\"2 minutes\" \/>\n<script type=\"application\/ld+json\" class=\"yoast-schema-graph\">{\"@context\":\"https:\\\/\\\/schema.org\",\"@graph\":[{\"@type\":\"WebPage\",\"@id\":\"https:\\\/\\\/polisart.hr\\\/o-nama\\\/\",\"url\":\"https:\\\/\\\/polisart.hr\\\/o-nama\\\/\",\"name\":\"O Nama - Polis Art\",\"isPartOf\":{\"@id\":\"https:\\\/\\\/polisart.hr\\\/#website\"},\"primaryImageOfPage\":{\"@id\":\"https:\\\/\\\/polisart.hr\\\/o-nama\\\/#primaryimage\"},\"image\":{\"@id\":\"https:\\\/\\\/polisart.hr\\\/o-nama\\\/#primaryimage\"},\"thumbnailUrl\":\"https:\\\/\\\/polisart.hr\\\/wp-content\\\/uploads\\\/elementor\\\/thumbs\\\/wizard-media-3531-scaled-qgrez5e11amywhygh45u2ew81liyk0ofhnxac2byjk.webp\",\"datePublished\":\"2018-12-10T13:28:13+00:00\",\"dateModified\":\"2025-03-26T11:47:55+00:00\",\"breadcrumb\":{\"@id\":\"https:\\\/\\\/polisart.hr\\\/o-nama\\\/#breadcrumb\"},\"inLanguage\":\"en-GB\",\"potentialAction\":[{\"@type\":\"ReadAction\",\"target\":[\"https:\\\/\\\/polisart.hr\\\/o-nama\\\/\"]}]},{\"@type\":\"ImageObject\",\"inLanguage\":\"en-GB\",\"@id\":\"https:\\\/\\\/polisart.hr\\\/o-nama\\\/#primaryimage\",\"url\":\"https:\\\/\\\/polisart.hr\\\/wp-content\\\/uploads\\\/elementor\\\/thumbs\\\/wizard-media-3531-scaled-qgrez5e11amywhygh45u2ew81liyk0ofhnxac2byjk.webp\",\"contentUrl\":\"https:\\\/\\\/polisart.hr\\\/wp-content\\\/uploads\\\/elementor\\\/thumbs\\\/wizard-media-3531-scaled-qgrez5e11amywhygh45u2ew81liyk0ofhnxac2byjk.webp\"},{\"@type\":\"BreadcrumbList\",\"@id\":\"https:\\\/\\\/polisart.hr\\\/o-nama\\\/#breadcrumb\",\"itemListElement\":[{\"@type\":\"ListItem\",\"position\":1,\"name\":\"Po\u010detna stranica\",\"item\":\"https:\\\/\\\/polisart.hr\\\/\"},{\"@type\":\"ListItem\",\"position\":2,\"name\":\"O Nama\"}]},{\"@type\":\"WebSite\",\"@id\":\"https:\\\/\\\/polisart.hr\\\/#website\",\"url\":\"https:\\\/\\\/polisart.hr\\\/\",\"name\":\"Polis Art\",\"description\":\"\",\"publisher\":{\"@id\":\"https:\\\/\\\/polisart.hr\\\/#organization\"},\"potentialAction\":[{\"@type\":\"SearchAction\",\"target\":{\"@type\":\"EntryPoint\",\"urlTemplate\":\"https:\\\/\\\/polisart.hr\\\/?s={search_term_string}\"},\"query-input\":{\"@type\":\"PropertyValueSpecification\",\"valueRequired\":true,\"valueName\":\"search_term_string\"}}],\"inLanguage\":\"en-GB\"},{\"@type\":\"Organization\",\"@id\":\"https:\\\/\\\/polisart.hr\\\/#organization\",\"name\":\"Polis Art\",\"url\":\"https:\\\/\\\/polisart.hr\\\/\",\"logo\":{\"@type\":\"ImageObject\",\"inLanguage\":\"en-GB\",\"@id\":\"https:\\\/\\\/polisart.hr\\\/#\\\/schema\\\/logo\\\/image\\\/\",\"url\":\"https:\\\/\\\/polisart.hr\\\/wp-content\\\/uploads\\\/2024\\\/01\\\/Logo-Crni-bez-slova.webp\",\"contentUrl\":\"https:\\\/\\\/polisart.hr\\\/wp-content\\\/uploads\\\/2024\\\/01\\\/Logo-Crni-bez-slova.webp\",\"width\":1000,\"height\":1000,\"caption\":\"Polis Art\"},\"image\":{\"@id\":\"https:\\\/\\\/polisart.hr\\\/#\\\/schema\\\/logo\\\/image\\\/\"},\"sameAs\":[\"https:\\\/\\\/www.facebook.com\\\/p\\\/POLIS-ART-doo-100040793989828\\\/?locale=sr_RS\",\"https:\\\/\\\/www.instagram.com\\\/polis_art_hr\\\/\"]}]}<\/script>\n<!-- \/ Yoast SEO Premium plugin. -->","yoast_head_json":{"title":"O Nama - Polis Art","robots":{"index":"index","follow":"follow","max-snippet":"max-snippet:-1","max-image-preview":"max-image-preview:large","max-video-preview":"max-video-preview:-1"},"canonical":"https:\/\/polisart.hr\/en\/o-nama\/","og_locale":"en_GB","og_type":"article","og_title":"O Nama","og_description":"Tvrtka Polis Art d.o.o., smje\u0161tena je u Zagrebu i posluje na tr\u017ei\u0161tu EU.Bavimo se proizvodnjom, pakiranjem i tiskom, personaliziranih proizvoda...","og_url":"https:\/\/polisart.hr\/en\/o-nama\/","og_site_name":"Polis Art","article_publisher":"https:\/\/www.facebook.com\/p\/POLIS-ART-doo-100040793989828\/?locale=sr_RS","article_modified_time":"2025-03-26T11:47:55+00:00","og_image":[{"url":"https:\/\/polisart.hr\/wp-content\/uploads\/elementor\/thumbs\/wizard-media-3531-scaled-qgrez5e11amywhygh45u2ew81liyk0ofhnxac2byjk.webp","type":"","width":"","height":""}],"twitter_card":"summary_large_image","twitter_misc":{"Estimated reading time":"2 minutes"},"schema":{"@context":"https:\/\/schema.org","@graph":[{"@type":"WebPage","@id":"https:\/\/polisart.hr\/o-nama\/","url":"https:\/\/polisart.hr\/o-nama\/","name":"O Nama - Polis Art","isPartOf":{"@id":"https:\/\/polisart.hr\/#website"},"primaryImageOfPage":{"@id":"https:\/\/polisart.hr\/o-nama\/#primaryimage"},"image":{"@id":"https:\/\/polisart.hr\/o-nama\/#primaryimage"},"thumbnailUrl":"https:\/\/polisart.hr\/wp-content\/uploads\/elementor\/thumbs\/wizard-media-3531-scaled-qgrez5e11amywhygh45u2ew81liyk0ofhnxac2byjk.webp","datePublished":"2018-12-10T13:28:13+00:00","dateModified":"2025-03-26T11:47:55+00:00","breadcrumb":{"@id":"https:\/\/polisart.hr\/o-nama\/#breadcrumb"},"inLanguage":"en-GB","potentialAction":[{"@type":"ReadAction","target":["https:\/\/polisart.hr\/o-nama\/"]}]},{"@type":"ImageObject","inLanguage":"en-GB","@id":"https:\/\/polisart.hr\/o-nama\/#primaryimage","url":"https:\/\/polisart.hr\/wp-content\/uploads\/elementor\/thumbs\/wizard-media-3531-scaled-qgrez5e11amywhygh45u2ew81liyk0ofhnxac2byjk.webp","contentUrl":"https:\/\/polisart.hr\/wp-content\/uploads\/elementor\/thumbs\/wizard-media-3531-scaled-qgrez5e11amywhygh45u2ew81liyk0ofhnxac2byjk.webp"},{"@type":"BreadcrumbList","@id":"https:\/\/polisart.hr\/o-nama\/#breadcrumb","itemListElement":[{"@type":"ListItem","position":1,"name":"Po\u010detna stranica","item":"https:\/\/polisart.hr\/"},{"@type":"ListItem","position":2,"name":"O Nama"}]},{"@type":"WebSite","@id":"https:\/\/polisart.hr\/#website","url":"https:\/\/polisart.hr\/","name":"Polis Art","description":"","publisher":{"@id":"https:\/\/polisart.hr\/#organization"},"potentialAction":[{"@type":"SearchAction","target":{"@type":"EntryPoint","urlTemplate":"https:\/\/polisart.hr\/?s={search_term_string}"},"query-input":{"@type":"PropertyValueSpecification","valueRequired":true,"valueName":"search_term_string"}}],"inLanguage":"en-GB"},{"@type":"Organization","@id":"https:\/\/polisart.hr\/#organization","name":"Polis Art","url":"https:\/\/polisart.hr\/","logo":{"@type":"ImageObject","inLanguage":"en-GB","@id":"https:\/\/polisart.hr\/#\/schema\/logo\/image\/","url":"https:\/\/polisart.hr\/wp-content\/uploads\/2024\/01\/Logo-Crni-bez-slova.webp","contentUrl":"https:\/\/polisart.hr\/wp-content\/uploads\/2024\/01\/Logo-Crni-bez-slova.webp","width":1000,"height":1000,"caption":"Polis Art"},"image":{"@id":"https:\/\/polisart.hr\/#\/schema\/logo\/image\/"},"sameAs":["https:\/\/www.facebook.com\/p\/POLIS-ART-doo-100040793989828\/?locale=sr_RS","https:\/\/www.instagram.com\/polis_art_hr\/"]}]}},"_links":{"self":[{"href":"https:\/\/polisart.hr\/en\/wp-json\/wp\/v2\/pages\/32792","targetHints":{"allow":["GET"]}}],"collection":[{"href":"https:\/\/polisart.hr\/en\/wp-json\/wp\/v2\/pages"}],"about":[{"href":"https:\/\/polisart.hr\/en\/wp-json\/wp\/v2\/types\/page"}],"author":[{"embeddable":true,"href":"https:\/\/polisart.hr\/en\/wp-json\/wp\/v2\/users\/2"}],"replies":[{"embeddable":true,"href":"https:\/\/polisart.hr\/en\/wp-json\/wp\/v2\/comments?post=32792"}],"version-history":[{"count":205,"href":"https:\/\/polisart.hr\/en\/wp-json\/wp\/v2\/pages\/32792\/revisions"}],"predecessor-version":[{"id":39046,"href":"https:\/\/polisart.hr\/en\/wp-json\/wp\/v2\/pages\/32792\/revisions\/39046"}],"wp:attachment":[{"href":"https:\/\/polisart.hr\/en\/wp-json\/wp\/v2\/media?parent=32792"}],"curies":[{"name":"wp","href":"https:\/\/api.w.org\/{rel}","templated":true}]}}